{"id":4183,"date":"2025-01-23T12:00:27","date_gmt":"2025-01-23T12:00:27","guid":{"rendered":"https:\/\/latasquita.es\/avviso-legale\/"},"modified":"2025-11-26T12:14:53","modified_gmt":"2025-11-26T12:14:53","slug":"avviso-legale","status":"publish","type":"page","link":"https:\/\/latasquita.es\/it\/avviso-legale\/","title":{"rendered":"Avviso legale"},"content":{"rendered":"\t\t<div data-elementor-type=\"wp-page\" data-elementor-id=\"4183\" class=\"elementor elementor-4183 elementor-3992\" data-elementor-post-type=\"page\">\n\t\t\t\t\t\t<section class=\"elementor-section elementor-top-section elementor-element elementor-element-f7c78a0 elementor-section-boxed elementor-section-height-default elementor-section-height-default\" data-id=\"f7c78a0\" data-element_type=\"section\" data-e-type=\"section\" data-settings=\"{&quot;jet_parallax_layout_list&quot;:[]}\">\n\t\t\t\t\t\t<div class=\"elementor-container elementor-column-gap-default\">\n\t\t\t\t\t<div class=\"elementor-column elementor-col-100 elementor-top-column elementor-element elementor-element-0914c2a\" data-id=\"0914c2a\" data-element_type=\"column\" data-e-type=\"column\">\n\t\t\t<div class=\"elementor-widget-wrap elementor-element-populated\">\n\t\t\t\t\t\t<div class=\"elementor-element elementor-element-62e9fb1 elementor-widget elementor-widget-text-editor\" data-id=\"62e9fb1\" data-element_type=\"widget\" data-e-type=\"widget\" data-widget_type=\"text-editor.default\">\n\t\t\t\t<div class=\"elementor-widget-container\">\n\t\t\t\t\t\t\t\t\t<h3>1.- AZIENDA PROPRIETARIA DI QUESTO SITO WEB<\/h3>\n<p>Questo sito web latasquita.es \u00e8 di propriet\u00e0 di LA TASQUITA DE EN MEDIO, S.L., con sede legale in C\/ Calderer\u00eda, n\u00ba 11, titolare del Numero di Identificazione Fiscale B10791473, iscritto al Registro Mercantile di Madrid.<\/p>\n<h3>2.- QUESTIONI GENERALI.<\/h3>\n<p>L&#8217;accesso a latasquita.es \u00e8 subordinato alla lettura del presente Regolamento d&#8217;accesso e d&#8217;uso e delle altre indicazioni e comunicazioni legali contenute in questo sito web.<\/p>\n<p>Per Utente di latasquita.es si intende qualsiasi persona che accede ai contenuti di latasquita.es<\/p>\n<p>L&#8217;accesso e il successivo utilizzo del presente sito web da parte dell&#8217;Utente implicher\u00e0 la sua adesione in forma esplicita, completa e senza riserve, alla totalit\u00e0 dei suoi contenuti. Se l&#8217;Utente non \u00e8 d&#8217;accordo con il contenuto delle presenti norme di navigazione e di utilizzo, deve abbandonare latasquita.es. <\/p>\n<p>L&#8217;accesso a latasquita.es \u00e8 gratuito e la sua consultazione non richiede alcun abbonamento o registrazione.<\/p>\n<p>Il presente Avviso Legale \u00e8 vincolante per qualsiasi utente di latasquita.es. Qualsiasi utilizzo di latasquita.es non soggetto alle disposizioni del presente Regolamento di accesso e utilizzo \u00e8 espressamente vietato e LA TASQUITA DE EN MEDIO, S.L., si riserva il diritto di intraprendere qualsiasi azione legale che, se del caso, possa aiutarla a eliminare le responsabilit\u00e0 corrispondenti che potrebbero essere derivate da un utilizzo non conforme al presente Regolamento.  <\/p>\n<h3>3.- DIRITTI E OBBLIGHI DI www.latasquita.es.<\/h3>\n<p>L&#8217;uso che gli Utenti possono fare delle informazioni fornite attraverso latasquita.es \u00e8 a rischio e pericolo dell&#8217;Utente. LA TASQUITA DE EN MEDIO, S.L., non garantisce l&#8217;attualit\u00e0 o l&#8217;adeguatezza delle informazioni fornite per l&#8217;uso che gli Utenti o qualsiasi altra persona possa farne. <\/p>\n<p>LA TASQUITA DE EN MEDIO, S.L., potr\u00e0 modificare unilateralmente, in qualsiasi momento lo ritenga opportuno, la configurazione e\/o il contenuto di www.cambara.es e il suo regolamento, cercando di informare l&#8217;Utente di tale cambiamento attraverso il suo annuncio in latasquita.es<\/p>\n<p>In caso di esecuzione di operazioni di manutenzione, riparazione, aggiornamento o miglioramento di latasquita.es, LA TASQUITA DE EN MEDIO, S.L., potr\u00e0 sospendere temporaneamente e senza necessit\u00e0 di preavviso l&#8217;accessibilit\u00e0 a latasquita.es, fermo restando che cercher\u00e0 di metterlo a conoscenza degli Utenti, ogni qualvolta le circostanze lo consentano.<\/p>\n<h3>4.- DIRITTI E OBBLIGHI DELL&#8217;UTENTE.<\/h3>\n<p>In ogni momento, l&#8217;Utente dovr\u00e0 fare un uso lecito di latasquita.es in conformit\u00e0 con la legislazione vigente, rispettando i diritti di propriet\u00e0 intellettuale e industriale di LA TASQUITA DE EN MEDIO, S.L. e\/o di terzi.<br>L&#8217;Utente non dovr\u00e0 compiere alcuna azione che possa causare danni o alterazioni ai contenuti, n\u00e9 ostacolare il corretto funzionamento di latasquita.es, n\u00e9 causare problemi tecnici di qualsiasi tipo, n\u00e9 trasferire elementi che possano veicolare virus informatici o danneggiare, interferire o intercettare tutto o parte di latasquita.es.<\/p>\n<p>V. si riserva il diritto di esercitare tutte le azioni che, nel suo caso, possano aiutarla a perseguire gli usi di latasquita.es contrari alle normative vigenti e\/o che causino qualsiasi tipo di danno e\/o pregiudizio a LA TASQUITA DE EN MEDIO, S.L., e\/o ai suoi collaboratori e\/o a terzi. <\/p>\n<h3>5.- GARANZIE E RESPONSABILIT\u00c0 PER IL FUNZIONAMENTO DI www.latasquita.es<\/h3>\n<p>LA TASQUITA DE EN MEDIO, S.L., non garantisce la disponibilit\u00e0 e la continuit\u00e0 di latasquita.es e dei suoi servizi. In ogni caso, LA TASQUITA DE EN MEDIO, S.L., far\u00e0 del suo meglio per mantenere la disponibilit\u00e0 continua di latasquita.es. <\/p>\n<p>LA TASQUITA DE EN MEDIO, S.L., non controlla n\u00e9 garantisce l&#8217;assenza di virus o altri elementi nei contenuti di latasquita.es che possano causare alterazioni nel sistema informatico dell&#8217;Utente (software e hardware) o nei documenti e file elettronici archiviati nel suo sistema informatico. LA TASQUITA DE EN MEDIO, S.L., \u00e8 esente da qualsiasi responsabilit\u00e0 per danni di qualsiasi tipo che possano essere dovuti alla presenza di virus nei contenuti che possano causare alterazioni nel sistema informatico, nei documenti elettronici, nei file, ecc.  <\/p>\n<p>LA TASQUITA DE EN MEDIO, S.L., non ha alcun obbligo e non controlla l&#8217;uso che gli Utenti fanno di latasquita.es. L&#8217;Utente accetta che latasquita.es \u00e8 stato creato e sviluppato in buona fede da LA TASQUITA DE EN MEDIO, S.L., con informazioni provenienti da fonti interne ed esterne e lo offre agli Utenti nel suo stato attuale e pu\u00f2 contenere imprecisioni o errori. Pertanto, LA TASQUITA DE EN MEDIO, S.L., non \u00e8 responsabile della mancanza di utilit\u00e0 o delle false aspettative che latasquita.es potrebbe generare nell&#8217;Utente durante la navigazione su latasquita.es.  <\/p>\n<h3>6.- PROPRIET\u00c0 INTELLETTUALE.<\/h3>\n<p>Tutti i diritti di propriet\u00e0 intellettuale sul design e sui contenuti di latasquita.es appartengono a LA TASQUITA DE EN MEDIO, S.L.,<\/p>\n<p>I marchi, i loghi e gli altri segni distintivi riprodotti su latasquita.es sono di propriet\u00e0 di LA TASQUITA DE EN MEDIO, S.L. o \u00e8 autorizzata a includerli su latasquita.es. L&#8217;Utente \u00e8 autorizzato a visualizzarli e scaricarli solo per uso personale e non commerciale e non pu\u00f2 copiare, modificare, distribuire, trasmettere, riprodurre, pubblicare, trasferire o vendere nessuno dei suddetti elementi o creare nuovi prodotti o servizi derivati dalle informazioni ottenute.  <\/p>\n<p>LA TASQUITA DE EN MEDIO, S.L., perseguir\u00e0 qualsiasi violazione dei suoi diritti di Propriet\u00e0 Intellettuale e Industriale e, a tal fine, si riserva il diritto di intraprendere qualsiasi azione legale che le corrisponda, comprese le azioni di indennizzo, al fine di eliminare le responsabilit\u00e0 in cui il trasgressore possa essere incorso.<\/p>\n<h3>7.- INFORMATIVA SULLA PRIVACY.<\/h3>\n<p>Le informazioni sul rispetto della normativa sulla protezione dei dati personali da parte di LA TASQUITA DE EN MEDIO, S.L. sono dettagliate nella nostra Informativa sulla privacy.<\/p>\n<h3>8.- COLLEGAMENTI IPERTESTUALI.<\/h3>\n<p>Non \u00e8 possibile stabilire un collegamento a latasquita.es da qualsiasi altro sito web senza il previo consenso esplicito di LA TASQUITA DE EN MEDIO, S.L.,. Nel caso in cui latasquita.es contenga link ad altri portali o siti web non gestiti da LA TASQUITA DE EN MEDIO, S.L., questa azienda dichiara di non avere alcun controllo su tali portali o siti web, n\u00e9 di essere responsabile del loro contenuto. I link inseriti da LA TASQUITA DE EN MEDIO, S.L. in latasquita.es sono offerti solo come riferimenti informativi, senza alcun tipo di valutazione o responsabilit\u00e0 per i contenuti, i proprietari, i servizi o i prodotti offerti dagli stessi. In nessun caso LA TASQUITA DE EN MEDIO, S.L. sar\u00e0 responsabile dei danni causati dai servizi forniti da terzi.   <\/p>\n<h3>9.- LEGGE APPLICABILE E GIURISDIZIONE.<\/h3>\n<p>Il presente Regolamento d&#8217;uso e di navigazione \u00e8 disciplinato dalla legge spagnola. Per qualsiasi controversia derivante dall&#8217;esistenza o dal contenuto del presente Regolamento o dalla relazione tra l&#8217;Utente e LA TASQUITA DE EN MEDIO, S.L., entrambe le parti, rinunciando espressamente a qualsiasi altra giurisdizione che possa corrispondere loro, si sottomettono alla giurisdizione e alla competenza esclusiva delle Corti e dei Tribunali di Malaga. <\/p>\t\t\t\t\t\t\t\t<\/div>\n\t\t\t\t<\/div>\n\t\t\t\t\t<\/div>\n\t\t<\/div>\n\t\t\t\t\t<\/div>\n\t\t<\/section>\n\t\t\t\t<\/div>\n\t\t","protected":false},"excerpt":{"rendered":"<p>1.- AZIENDA PROPRIETARIA DI QUESTO SITO WEB Questo sito web latasquita.es \u00e8 di propriet\u00e0 di LA TASQUITA DE EN MEDIO, S.L., con sede legale in C\/ Calderer\u00eda, n\u00ba 11, titolare del Numero di Identificazione Fiscale B10791473, iscritto al Registro Mercantile di Madrid. 2.- QUESTIONI GENERALI. L&#8217;accesso a latasquita.es \u00e8 subordinato alla lettura del presente Regolamento [&hellip;]<\/p>\n","protected":false},"author":6,"featured_media":0,"parent":0,"menu_order":0,"comment_status":"closed","ping_status":"closed","template":"","meta":{"footnotes":""},"class_list":["post-4183","page","type-page","status-publish","hentry"],"_links":{"self":[{"href":"https:\/\/latasquita.es\/it\/wp-json\/wp\/v2\/pages\/4183","targetHints":{"allow":["GET"]}}],"collection":[{"href":"https:\/\/latasquita.es\/it\/wp-json\/wp\/v2\/pages"}],"about":[{"href":"https:\/\/latasquita.es\/it\/wp-json\/wp\/v2\/types\/page"}],"author":[{"embeddable":true,"href":"https:\/\/latasquita.es\/it\/wp-json\/wp\/v2\/users\/6"}],"replies":[{"embeddable":true,"href":"https:\/\/latasquita.es\/it\/wp-json\/wp\/v2\/comments?post=4183"}],"version-history":[{"count":1,"href":"https:\/\/latasquita.es\/it\/wp-json\/wp\/v2\/pages\/4183\/revisions"}],"predecessor-version":[{"id":4184,"href":"https:\/\/latasquita.es\/it\/wp-json\/wp\/v2\/pages\/4183\/revisions\/4184"}],"wp:attachment":[{"href":"https:\/\/latasquita.es\/it\/wp-json\/wp\/v2\/media?parent=4183"}],"curies":[{"name":"wp","href":"https:\/\/api.w.org\/{rel}","templated":true}]}}