{"id":4185,"date":"2025-01-23T12:00:27","date_gmt":"2025-01-23T12:00:27","guid":{"rendered":"https:\/\/latasquita.es\/avis-juridique\/"},"modified":"2025-11-26T12:14:53","modified_gmt":"2025-11-26T12:14:53","slug":"avis-juridique","status":"publish","type":"page","link":"https:\/\/latasquita.es\/fr\/avis-juridique\/","title":{"rendered":"Avis juridique"},"content":{"rendered":"\t\t<div data-elementor-type=\"wp-page\" data-elementor-id=\"4185\" class=\"elementor elementor-4185 elementor-3992\" data-elementor-post-type=\"page\">\n\t\t\t\t\t\t<section class=\"elementor-section elementor-top-section elementor-element elementor-element-f7c78a0 elementor-section-boxed elementor-section-height-default elementor-section-height-default\" data-id=\"f7c78a0\" data-element_type=\"section\" data-e-type=\"section\" data-settings=\"{&quot;jet_parallax_layout_list&quot;:[]}\">\n\t\t\t\t\t\t<div class=\"elementor-container elementor-column-gap-default\">\n\t\t\t\t\t<div class=\"elementor-column elementor-col-100 elementor-top-column elementor-element elementor-element-0914c2a\" data-id=\"0914c2a\" data-element_type=\"column\" data-e-type=\"column\">\n\t\t\t<div class=\"elementor-widget-wrap elementor-element-populated\">\n\t\t\t\t\t\t<div class=\"elementor-element elementor-element-62e9fb1 elementor-widget elementor-widget-text-editor\" data-id=\"62e9fb1\" data-element_type=\"widget\" data-e-type=\"widget\" data-widget_type=\"text-editor.default\">\n\t\t\t\t<div class=\"elementor-widget-container\">\n\t\t\t\t\t\t\t\t\t<h3>1.- ENTREPRISE PROPRI\u00c9TAIRE DU SITE<\/h3>\n<p>Le site web latasquita.es est la propri\u00e9t\u00e9 de LA TASQUITA DE EN MEDIO, S.L., dont le si\u00e8ge social se trouve \u00e0 C\/ Calderer\u00eda, n\u00ba 11, titulaire du num\u00e9ro d&#8217;identification fiscale B10791473, inscrit au registre du commerce de Madrid.<\/p>\n<h3>2.- QUESTIONS G\u00c9N\u00c9RALES.<\/h3>\n<p>L&#8217;acc\u00e8s \u00e0 latasquita.es est soumis \u00e0 la lecture du pr\u00e9sent r\u00e8glement d&#8217;acc\u00e8s et d&#8217;utilisation et des autres mentions l\u00e9gales et avertissements contenus dans ce site Web.<\/p>\n<p>On entend par utilisateur de latasquita.es toute personne qui acc\u00e8de au contenu de latasquita.es.<\/p>\n<p>L&#8217;acc\u00e8s et l&#8217;utilisation ult\u00e9rieure du pr\u00e9sent site Web de la part de l&#8217;utilisateur impliquent son adh\u00e9sion expresse, totale et sans r\u00e9serve, \u00e0 l&#8217;ensemble de son contenu. Si l&#8217;utilisateur n&#8217;est pas d&#8217;accord avec le contenu de ce r\u00e8glement de navigation et d&#8217;utilisation, il devra quitter latasquita.es. <\/p>\n<p>L&#8217;acc\u00e8s \u00e0 latasquita.es est gratuit et sa consultation ne n\u00e9cessite aucune inscription ou enregistrement pr\u00e9alable.<\/p>\n<p>Le pr\u00e9sent avis juridique est contraignant pour tout utilisateur de latasquita.es. Toute utilisation de latasquita.es non conforme aux dispositions du pr\u00e9sent r\u00e8glement d&#8217;acc\u00e8s et d&#8217;utilisation est express\u00e9ment interdite, et LA TASQUITA DE EN MEDIO, S.L., se r\u00e9serve le droit d&#8217;entreprendre toute action l\u00e9gale qui, le cas \u00e9ch\u00e9ant, pourrait l&#8217;aider \u00e0 purger les responsabilit\u00e9s correspondantes qui auraient pu d\u00e9couler d&#8217;une utilisation non conforme au pr\u00e9sent r\u00e8glement.  <\/p>\n<h3>3.- DROITS ET OBLIGATIONS DE www.latasquita.es.<\/h3>\n<p>L&#8217;utilisation que l&#8217;utilisateur peut faire de l&#8217;information qui lui est fournie par le biais de latasquita.es se fait \u00e0 ses risques et p\u00e9rils. LA TASQUITA DE EN MEDIO, S.L., ne garantit pas l&#8217;actualit\u00e9 ou l&#8217;ad\u00e9quation de l&#8217;information fournie \u00e0 l&#8217;usage que l&#8217;utilisateur ou toute autre personne peut en faire. <\/p>\n<p>LA TASQUITA DE EN MEDIO, S.L., peut modifier unilat\u00e9ralement, \u00e0 tout moment qu&#8217;elle juge opportun, la configuration et\/ou le contenu de www.cambara.es et de son r\u00e8glement, en s&#8217;effor\u00e7ant d&#8217;informer l&#8217;utilisateur de ce changement par le biais d&#8217;une annonce sur latasquita.es.<\/p>\n<p>En cas de r\u00e9alisation d&#8217;op\u00e9rations de maintenance, de r\u00e9paration, de mise \u00e0 jour ou d&#8217;am\u00e9lioration de latasquita.es, LA TASQUITA DE EN MEDIO, S.L., pourra suspendre temporairement et sans besoin de pr\u00e9avis l&#8217;accessibilit\u00e9 \u00e0 latasquita.es, sans pr\u00e9judice de quoi elle essaiera de le porter \u00e0 la connaissance des Utilisateurs, chaque fois que les circonstances le permettront.<\/p>\n<h3>4.- DROITS ET OBLIGATIONS DE L&#8217;UTILISATEUR.<\/h3>\n<p>\u00c0 tout moment, l&#8217;utilisateur doit faire un usage licite de latasquita.es conform\u00e9ment \u00e0 la l\u00e9gislation en vigueur, en respectant les droits de propri\u00e9t\u00e9 intellectuelle et industrielle de LA TASQUITA DE EN MEDIO, S.L. et\/ou de tiers.<br>L&#8217;utilisateur ne r\u00e9alisera aucune action susceptible d&#8217;endommager ou d&#8217;alt\u00e9rer les contenus, d&#8217;entraver le bon fonctionnement de latasquita.es, de provoquer des probl\u00e8mes techniques de quelque nature que ce soit, de transf\u00e9rer des \u00e9l\u00e9ments susceptibles de v\u00e9hiculer des virus informatiques ou d&#8217;endommager, d&#8217;interf\u00e9rer ou d&#8217;intercepter tout ou partie de latasquita.es.<\/p>\n<p>V. se r\u00e9serve le droit d&#8217;exercer toutes les actions qui, dans son cas, pourraient l&#8217;aider \u00e0 poursuivre les utilisations de latasquita.es contraires \u00e0 la r\u00e9glementation en vigueur et\/ou qui causent tout type de dommage et\/ou pr\u00e9judice \u00e0 LA TASQUITA DE EN MEDIO, S.L., et\/ou \u00e0 ses collaborateurs et\/ou \u00e0 des tiers. <\/p>\n<h3>5.- GARANTIES ET RESPONSABILIT\u00c9 POUR LE FONCTIONNEMENT DE www.latasquita.es<\/h3>\n<p>LA TASQUITA DE EN MEDIO, S.L., ne garantit pas la disponibilit\u00e9 et la continuit\u00e9 de latasquita.es et de ses services. Dans tous les cas, LA TASQUITA DE EN MEDIO, S.L., fera tout son possible pour maintenir la disponibilit\u00e9 continue de latasquita.es. <\/p>\n<p>LA TASQUITA DE EN MEDIO, S.L., ne contr\u00f4le ni ne garantit l&#8217;absence de virus ou d&#8217;autres \u00e9l\u00e9ments dans les contenus de latasquita.es susceptibles de provoquer des alt\u00e9rations dans le syst\u00e8me informatique de l&#8217;utilisateur (logiciel et mat\u00e9riel) ou dans les documents \u00e9lectroniques et les fichiers stock\u00e9s dans son syst\u00e8me informatique. LA TASQUITA DE EN MEDIO, S.L., est exon\u00e9r\u00e9e de toute responsabilit\u00e9 pour les dommages de toute nature qui pourraient \u00eatre dus \u00e0 la pr\u00e9sence de virus dans les contenus susceptibles de provoquer des alt\u00e9rations dans le syst\u00e8me informatique, les documents \u00e9lectroniques, les fichiers, etc.  <\/p>\n<p>LA TASQUITA DE EN MEDIO, S.L., n&#8217;a aucune obligation et ne contr\u00f4le pas l&#8217;utilisation que les utilisateurs font de latasquita.es. L&#8217;utilisateur accepte que latasquita.es ait \u00e9t\u00e9 cr\u00e9\u00e9 et d\u00e9velopp\u00e9 de bonne foi par LA TASQUITA DE EN MEDIO, S.L., \u00e0 partir d&#8217;informations provenant de sources internes et externes, et qu&#8217;il le mette \u00e0 la disposition des utilisateurs dans son \u00e9tat actuel, et qu&#8217;il puisse contenir des inexactitudes ou des erreurs. Par cons\u00e9quent, LA TASQUITA DE EN MEDIO, S.L., n&#8217;est pas responsable du manque d&#8217;utilit\u00e9 ou des fausses attentes que latasquita.es pourrait produire chez l&#8217;utilisateur lorsqu&#8217;il navigue sur latasquita.es.  <\/p>\n<h3>6.- LA PROPRI\u00c9T\u00c9 INTELLECTUELLE.<\/h3>\n<p>Tous les droits de propri\u00e9t\u00e9 intellectuelle sur la conception et le contenu de latasquita.es appartiennent \u00e0 LA TASQUITA DE EN MEDIO, S.L.,<\/p>\n<p>Les marques, logos et autres signes distinctifs reproduits sur latasquita.es sont la propri\u00e9t\u00e9 de LA TASQUITA DE EN MEDIO, S.L. ou sont autoris\u00e9s \u00e0 les inclure sur latasquita.es. L&#8217;utilisateur est uniquement autoris\u00e9 \u00e0 les visualiser et \u00e0 les t\u00e9l\u00e9charger pour un usage personnel et non commercial. Il n&#8217;est pas autoris\u00e9 \u00e0 copier, modifier, distribuer, transmettre, reproduire, publier, c\u00e9der ou vendre l&#8217;un des \u00e9l\u00e9ments susmentionn\u00e9s, ni \u00e0 cr\u00e9er de nouveaux produits ou services d\u00e9riv\u00e9s de l&#8217;information obtenue.  <\/p>\n<p>LA TASQUITA DE EN MEDIO, S.L., poursuivra toute atteinte \u00e0 ses droits de propri\u00e9t\u00e9 intellectuelle et industrielle et, \u00e0 cette fin, se r\u00e9serve le droit d&#8217;entreprendre toute action l\u00e9gale qui pourrait lui correspondre, y compris une action en indemnisation, afin de purger les responsabilit\u00e9s que l&#8217;auteur de l&#8217;atteinte pourrait avoir encourues.<\/p>\n<h3>7.- LA POLITIQUE DE PROTECTION DE LA VIE PRIV\u00c9E.<\/h3>\n<p>Les informations relatives au respect de la r\u00e9glementation sur la protection des donn\u00e9es personnelles par LA TASQUITA DE EN MEDIO, S.L. sont d\u00e9taill\u00e9es dans notre politique de confidentialit\u00e9.<\/p>\n<h3>8.- LIENS HYPERTEXTES.<\/h3>\n<p>Aucun lien ne peut \u00eatre \u00e9tabli vers latasquita.es \u00e0 partir d&#8217;un autre site web sans l&#8217;accord pr\u00e9alable et expr\u00e8s de LA TASQUITA DE EN MEDIO, S.L.,. Dans le cas o\u00f9 latasquita.es contiendrait des liens vers d&#8217;autres portails ou sites web non g\u00e9r\u00e9s par LA TASQUITA DE EN MEDIO, S.L., cette entreprise d\u00e9clare n&#8217;avoir aucun contr\u00f4le sur ces portails ou sites web et n&#8217;\u00eatre responsable d&#8217;aucun de leurs contenus. Les liens inclus par LA TASQUITA DE EN MEDIO, S.L. dans latasquita.es sont uniquement propos\u00e9s \u00e0 titre de r\u00e9f\u00e9rence informative, sans aucun type d&#8217;\u00e9valuation ou de responsabilit\u00e9 concernant les contenus, les propri\u00e9taires, les services ou les produits offerts \u00e0 partir de ces derniers. En aucun cas LA TASQUITA DE EN MEDIO, S.L. ne sera responsable des dommages caus\u00e9s par les services fournis par des tiers.   <\/p>\n<h3>9.- DROIT APPLICABLE ET JURIDICTION.<\/h3>\n<p>Les pr\u00e9sentes r\u00e8gles d&#8217;utilisation et de navigation sont r\u00e9gies par la l\u00e9gislation espagnole. Pour tout litige d\u00e9coulant de l&#8217;existence ou du contenu du pr\u00e9sent r\u00e8glement ou de la relation entre l&#8217;utilisateur et LA TASQUITA DE EN MEDIO, S.L., les deux parties, renon\u00e7ant express\u00e9ment \u00e0 toute autre juridiction qui pourrait leur correspondre, se soumettent \u00e0 la juridiction et \u00e0 la comp\u00e9tence exclusives des Cours et Tribunaux de Malaga. <\/p>\t\t\t\t\t\t\t\t<\/div>\n\t\t\t\t<\/div>\n\t\t\t\t\t<\/div>\n\t\t<\/div>\n\t\t\t\t\t<\/div>\n\t\t<\/section>\n\t\t\t\t<\/div>\n\t\t","protected":false},"excerpt":{"rendered":"<p>1.- ENTREPRISE PROPRI\u00c9TAIRE DU SITE Le site web latasquita.es est la propri\u00e9t\u00e9 de LA TASQUITA DE EN MEDIO, S.L., dont le si\u00e8ge social se trouve \u00e0 C\/ Calderer\u00eda, n\u00ba 11, titulaire du num\u00e9ro d&#8217;identification fiscale B10791473, inscrit au registre du commerce de Madrid. 2.- QUESTIONS G\u00c9N\u00c9RALES. L&#8217;acc\u00e8s \u00e0 latasquita.es est soumis \u00e0 la lecture du [&hellip;]<\/p>\n","protected":false},"author":6,"featured_media":0,"parent":0,"menu_order":0,"comment_status":"closed","ping_status":"closed","template":"","meta":{"footnotes":""},"class_list":["post-4185","page","type-page","status-publish","hentry"],"_links":{"self":[{"href":"https:\/\/latasquita.es\/fr\/wp-json\/wp\/v2\/pages\/4185","targetHints":{"allow":["GET"]}}],"collection":[{"href":"https:\/\/latasquita.es\/fr\/wp-json\/wp\/v2\/pages"}],"about":[{"href":"https:\/\/latasquita.es\/fr\/wp-json\/wp\/v2\/types\/page"}],"author":[{"embeddable":true,"href":"https:\/\/latasquita.es\/fr\/wp-json\/wp\/v2\/users\/6"}],"replies":[{"embeddable":true,"href":"https:\/\/latasquita.es\/fr\/wp-json\/wp\/v2\/comments?post=4185"}],"version-history":[{"count":1,"href":"https:\/\/latasquita.es\/fr\/wp-json\/wp\/v2\/pages\/4185\/revisions"}],"predecessor-version":[{"id":4186,"href":"https:\/\/latasquita.es\/fr\/wp-json\/wp\/v2\/pages\/4185\/revisions\/4186"}],"wp:attachment":[{"href":"https:\/\/latasquita.es\/fr\/wp-json\/wp\/v2\/media?parent=4185"}],"curies":[{"name":"wp","href":"https:\/\/api.w.org\/{rel}","templated":true}]}}